{"id":2997,"date":"2016-06-27T09:01:55","date_gmt":"2016-06-27T07:01:55","guid":{"rendered":"https:\/\/kfo-katzorke.de\/impressum\/"},"modified":"2016-06-27T09:01:55","modified_gmt":"2016-06-27T07:01:55","slug":"impressum","status":"publish","type":"page","link":"https:\/\/kfo-katzorke.de\/en\/impressum\/","title":{"rendered":"Impressum"},"content":{"rendered":"<div class=\"wpb-content-wrapper\"><p>[vc_row][vc_column el_class=&#8221;post-container&#8221;][vc_column_text el_class=&#8221;.display-headline&#8221;]<\/p>\n<h1>Impressum<\/h1>\n<p>[\/vc_column_text][vc_column_text]<strong>Dr. med. dent. Milena Katzorke<\/strong><\/p>\n<p>Fachpraxis f\u00fcr Kieferorthop\u00e4die<br \/>\nAkazienallee 12, 45127 Essen<\/p>\n<p>Telefon: <a href=\"tel:020143890490\">0201. 438 904 90<\/a><br \/>\nE-Mail: <a href=\"&#109;&#x61;&#105;&#x6c;&#116;&#x6f;&#58;&#x69;&#110;&#x66;&#111;&#x40;k&#x66;o&#x2d;k&#x61;t&#x7a;o&#x72;k&#101;&#x2e;&#100;&#x65;\">&#105;&#x6e;&#102;&#x6f;&#64;&#107;&#x66;&#111;&#x2d;k&#x61;t&#122;&#x6f;&#114;&#x6b;e&#x2e;&#x64;&#101;<\/a><\/p>\n<p><strong>Vertretungsberechtigt:<\/strong><br \/>\nDr. med. dent. Milena Katzorke<\/p>\n<p><strong>Zust\u00e4ndige Zahn\u00e4rztekammer als Aufsichtsbeh\u00f6rde:<\/strong><br \/>\nZahn\u00e4rztekammer Nordrhein, K\u00f6rperschaft des \u00f6ffentlichen Rechts<br \/>\nHammfelddamm 11, 41460 Neuss<br \/>\nTel.: 02131\/531190, E-Mail: i&#110;&#x66;&#x6f;&#64;&#122;&#97;&#x65;&#x6b;-&#110;&#x72;&#x2e;d&#101;<\/p>\n<p><strong>Zust\u00e4ndige Kassenzahn\u00e4rztliche Vereinigung:<\/strong><br \/>\nKassenzahn\u00e4rztliche Vereinigung Nordrhein, K\u00f6rperschaft des \u00f6ffentlichen Rechts<br \/>\nLindemannstra\u00dfe 34-42, 40237 D\u00fcsseldorf<br \/>\nTel.: 0211\/96840, E-Mail: &#105;&#110;&#x66;o&#64;&#x6b;&#x7a;v&#110;&#x72;&#x2e;d&#101;<\/p>\n<p>Die Berufsbezeichnung f\u00fcr Dr. med. dent. Milena Katzorke lautet Fachzahn\u00e4rztin f\u00fcr Kieferorthop\u00e4die und wurde von der Zahn\u00e4rztekammer Nordrhein verliehen.<\/p>\n<p><strong>Konzeption, Design &amp; Umsetzung der Internetpr\u00e4senz:<\/strong><br \/>\nDER FR\u00dcHE VOGEL &amp; Freunde GmbH<br \/>\nUNESCO-Welterbe Zollverein<br \/>\nGelsenkirchener Str. 181, 45309 Essen<br \/>\n<a href=\"https:\/\/dfv-f.com\/de\/\">www.derfruehevogel-freunde.com<\/a><\/p>\n<p>&nbsp;<\/p>\n<h2>Rechtliche Hinweise:<\/h2>\n<p>Die Fachpraxis Dr. Katzorke pr\u00fcft und aktualisiert die Informationen auf ihren Webseiten st\u00e4ndig. Trotz aller Sorgfalt k\u00f6nnen sich die Daten inzwischen ver\u00e4ndert haben. Eine Haftung oder Garantie f\u00fcr die Aktualit\u00e4t, Richtigkeit und Vollst\u00e4ndigkeit der zur Verf\u00fcgung gestellten Informationen kann daher nicht \u00fcbernommen werden. Gleiches gilt auch f\u00fcr alle anderen Webseiten, auf die mittels Hyperlink verwiesen wird. Die Fachpraxis Dr. Katzorke ist f\u00fcr den Inhalt der Webseiten, die aufgrund einer solchen Verbindung erreicht werden, nicht verantwortlich. Des weiteren beh\u00e4lt sich die Fachpraxis Dr. Katzorkedas Recht vor, \u00c4nderungen oder Erg\u00e4nzungen der bereitgestellten Informationen vorzunehmen.<\/p>\n<p>&nbsp;<\/p>\n<h2>Urheberrechtshinweise:<\/h2>\n<p>Inhalt und Struktur der Webseiten sind urheberrechtlich gesch\u00fctzt. Die Vervielf\u00e4ltigung von Informationen oder Daten, insbesondere die Verwendung von Texten, Textteilen oder Bildmaterial, bedarf der vorherigen Zustimmung der Fachpraxis Dr. Katzorke. Alle Rechte daran behalten wir uns vor. Teile dieser Website k\u00f6nnen Bilder, Texte oder Sounds beinhalten, die dem Urheberrecht Dritter und unseres Wissens nach der freien Nutzung unterliegen. Sollte dies f\u00fcr ein Bild oder einen Text nicht zutreffen, d.h. sollte ein Copyright verletzt werden, so bitten wir um Mitteilung per E-Mail. Wir werden das betroffene Objekt sofort von unserer Homepage entfernen. Informationen auf dieser Website, einschlie\u00dflich Texten, Bildern und Sound, d\u00fcrfen nicht, sofern nicht ausdr\u00fccklich anders bestimmt, vervielf\u00e4ltigt, transferiert, vertrieben oder gespeichert werden ohne schriftliche Genehmigung des Herausgebers. Modifikationen des Inhalts dieser Website sind ausdr\u00fccklich untersagt.<\/p>\n<p>&nbsp;<\/p>\n<h2>Haftungsausschluss:<\/h2>\n<p>Die Informationen auf dieser Website verstehen sich als \u201eAussagen an sich\u201c ohne implizite Garantien jedweder Art. Die bereitgestellten Informationen auf dieser Website wurden sorgf\u00e4ltig gepr\u00fcft und werden regelm\u00e4\u00dfig aktualisiert. Jedoch kann keine Garantie daf\u00fcr \u00fcbernommen werden, dass alle Angaben zu jeder Zeit vollst\u00e4ndig, richtig und in letzter Aktualit\u00e4t dargestellt sind. Dies gilt insbesondere f\u00fcr alle Verbindungen (\u201eLinks\u201c) zu anderen Web Sites, auf die direkt oder indirekt verwiesen wird. Alle Angaben k\u00f6nnen ohne vorherige Ank\u00fcndigung erg\u00e4nzt, entfernt oder ge\u00e4ndert werden. Au\u00dferdem liegt es nicht in unserer Verantwortung, Vorsichtsma\u00dfnahmen zu ergreifen gegen destruktive Programme oder Programmteile wie Viren, Worms, Trojanische Pferde o.\u00e4., die auf Webservern liegen, die m\u00f6glicherweise durch Links von unserer Website aus erreicht werden.<\/p>\n<p>&nbsp;<\/p>\n<h2>Haftungsausschluss:<\/h2>\n<p>DW Lingualsystems, Bad Essen; iStock Photo[\/vc_column_text][\/vc_column][\/vc_row]<\/p>\n<\/div>","protected":false},"excerpt":{"rendered":"<p>[vc_row][vc_column el_class=&#8221;post-container&#8221;][vc_column_text el_class=&#8221;.display-headline&#8221;] Impressum [\/vc_column_text][vc_column_text]Dr. med. dent. Milena Katzorke Fachpraxis f\u00fcr Kieferorthop\u00e4die Akazienallee 12, 45127 Essen Telefon: 0201. 438 904 90 E-Mail: &#105;&#x6e;&#102;&#x6f;&#64;&#x6b;&#102;&#x6f;-&#x6b;a&#x74;z&#x6f;r&#107;&#x65;&#46;&#x64;&#101; Vertretungsberechtigt: Dr. med. dent. Milena Katzorke Zust\u00e4ndige Zahn\u00e4rztekammer als Aufsichtsbeh\u00f6rde: Zahn\u00e4rztekammer Nordrhein, K\u00f6rperschaft des \u00f6ffentlichen Rechts Hammfelddamm 11, 41460 Neuss Tel.: 02131\/531190, E-Mail: &#x69;&#x6e;&#x66;&#x6f;&#x40;&#x7a;&#x61;&#x65;&#x6b;&#x2d;&#x6e;&#x72;&#x2e;&#x64;&#101; Zust\u00e4ndige Kassenzahn\u00e4rztliche Vereinigung: Kassenzahn\u00e4rztliche Vereinigung Nordrhein, K\u00f6rperschaft des [&hellip;]<\/p>\n","protected":false},"author":14,"featured_media":0,"parent":0,"menu_order":0,"comment_status":"closed","ping_status":"closed","template":"","meta":{"_acf_changed":false,"inline_featured_image":false,"footnotes":""},"class_list":["post-2997","page","type-page","status-publish","hentry"],"acf":[],"_links":{"self":[{"href":"https:\/\/kfo-katzorke.de\/en\/wp-json\/wp\/v2\/pages\/2997","targetHints":{"allow":["GET"]}}],"collection":[{"href":"https:\/\/kfo-katzorke.de\/en\/wp-json\/wp\/v2\/pages"}],"about":[{"href":"https:\/\/kfo-katzorke.de\/en\/wp-json\/wp\/v2\/types\/page"}],"author":[{"embeddable":true,"href":"https:\/\/kfo-katzorke.de\/en\/wp-json\/wp\/v2\/users\/14"}],"replies":[{"embeddable":true,"href":"https:\/\/kfo-katzorke.de\/en\/wp-json\/wp\/v2\/comments?post=2997"}],"version-history":[{"count":0,"href":"https:\/\/kfo-katzorke.de\/en\/wp-json\/wp\/v2\/pages\/2997\/revisions"}],"wp:attachment":[{"href":"https:\/\/kfo-katzorke.de\/en\/wp-json\/wp\/v2\/media?parent=2997"}],"curies":[{"name":"wp","href":"https:\/\/api.w.org\/{rel}","templated":true}]}}